{"id":7,"date":"2021-02-07T21:03:26","date_gmt":"2021-02-07T20:03:26","guid":{"rendered":"http:\/\/jahon.eu\/?page_id=7"},"modified":"2025-05-31T21:19:25","modified_gmt":"2025-05-31T19:19:25","slug":"a-propos-de","status":"publish","type":"page","link":"https:\/\/jahon.eu\/index.php\/a-propos-de\/","title":{"rendered":"R\u00e9servation"},"content":{"rendered":"\n<p>G\u00ceTE RURAL LES CAMPANULES<\/p>\n\n\n\n<p>Jahon Commune de LANGEAC<br><br>Pour joindre le propri\u00e9taire<br>tel +33 6 83 32 48 74<br><strong>bernard.molinier@gmail.com<\/strong><\/p>\n\n\n\n<p><br><br>Capacit\u00e9 : 2 chambres pour 5 personnes<br>Pour r\u00e9server :<br><strong>tel +33 6 83 32 48 74 <\/strong><br><\/p>\n","protected":false},"excerpt":{"rendered":"<p>G\u00ceTE RURAL LES CAMPANULES Jahon Commune de LANGEAC Pour joindre le propri\u00e9tairetel +33 6 83 32 48 74bernard.molinier@gmail.com Capacit\u00e9 : 2 chambres pour 5 personnesPour r\u00e9server :tel +33 6 83 32 48 74<\/p>\n","protected":false},"author":1,"featured_media":0,"parent":0,"menu_order":0,"comment_status":"closed","ping_status":"closed","template":"","meta":{"saved_in_kubio":false,"advgb_blocks_editor_width":"","advgb_blocks_columns_visual_guide":"","footnotes":""},"class_list":["post-7","page","type-page","status-publish","hentry"],"kubio_ai_page_context":{"short_desc":"","purpose":"general"},"coauthors":[],"author_meta":{"author_link":"https:\/\/jahon.eu\/index.php\/author\/admin6390\/","display_name":"admin6390"},"relative_dates":{"created":"Publi\u00e9 5 ans il y a","modified":"Mis \u00e0 jour 11 mois il y a"},"absolute_dates":{"created":"Publi\u00e9 le 7 f\u00e9vrier 2021","modified":"Mise \u00e0 jour le 31 mai 2025"},"absolute_dates_time":{"created":"Publi\u00e9 le 7 f\u00e9vrier 2021 21h03","modified":"Mise \u00e0 jour le 31 mai 2025 21h19"},"featured_img_caption":"","featured_img":false,"series_order":"","_links":{"self":[{"href":"https:\/\/jahon.eu\/index.php\/wp-json\/wp\/v2\/pages\/7","targetHints":{"allow":["GET"]}}],"collection":[{"href":"https:\/\/jahon.eu\/index.php\/wp-json\/wp\/v2\/pages"}],"about":[{"href":"https:\/\/jahon.eu\/index.php\/wp-json\/wp\/v2\/types\/page"}],"author":[{"embeddable":true,"href":"https:\/\/jahon.eu\/index.php\/wp-json\/wp\/v2\/users\/1"}],"replies":[{"embeddable":true,"href":"https:\/\/jahon.eu\/index.php\/wp-json\/wp\/v2\/comments?post=7"}],"version-history":[{"count":5,"href":"https:\/\/jahon.eu\/index.php\/wp-json\/wp\/v2\/pages\/7\/revisions"}],"predecessor-version":[{"id":130,"href":"https:\/\/jahon.eu\/index.php\/wp-json\/wp\/v2\/pages\/7\/revisions\/130"}],"wp:attachment":[{"href":"https:\/\/jahon.eu\/index.php\/wp-json\/wp\/v2\/media?parent=7"}],"curies":[{"name":"wp","href":"https:\/\/api.w.org\/{rel}","templated":true}]}}