{"id":309,"date":"2026-02-13T14:13:51","date_gmt":"2026-02-13T13:13:51","guid":{"rendered":"https:\/\/jahon.eu\/?page_id=309"},"modified":"2026-02-15T22:05:54","modified_gmt":"2026-02-15T21:05:54","slug":"avis-clients","status":"publish","type":"page","link":"https:\/\/jahon.eu\/index.php\/avis-clients\/","title":{"rendered":"Avis clients"},"content":{"rendered":"\n<figure class=\"wp-block-image size-large\"><img loading=\"lazy\" decoding=\"async\" width=\"1024\" height=\"431\" src=\"https:\/\/jahon.eu\/wp-content\/uploads\/2026\/02\/2-06-2025-1024x431.jpg\" alt=\"\" class=\"wp-image-324\" srcset=\"https:\/\/jahon.eu\/wp-content\/uploads\/2026\/02\/2-06-2025-1024x431.jpg 1024w, https:\/\/jahon.eu\/wp-content\/uploads\/2026\/02\/2-06-2025-300x126.jpg 300w, https:\/\/jahon.eu\/wp-content\/uploads\/2026\/02\/2-06-2025-768x323.jpg 768w, https:\/\/jahon.eu\/wp-content\/uploads\/2026\/02\/2-06-2025-1536x647.jpg 1536w, https:\/\/jahon.eu\/wp-content\/uploads\/2026\/02\/2-06-2025.jpg 1791w\" sizes=\"(max-width: 767px) 89vw, (max-width: 1000px) 54vw, (max-width: 1071px) 543px, 580px\" \/><\/figure>\n\n\n\n<figure class=\"wp-block-gallery has-nested-images columns-1 is-cropped wp-block-gallery-1 is-layout-flex wp-block-gallery-is-layout-flex\" style=\"border-style:none;border-width:0px;border-radius:0px;padding-top:0;padding-right:0;padding-bottom:0;padding-left:0\">\n\n\n<figure class=\"wp-block-image size-large\"><img loading=\"lazy\" decoding=\"async\" width=\"1024\" height=\"238\" data-id=\"333\" src=\"https:\/\/jahon.eu\/wp-content\/uploads\/2026\/02\/10-1024x238.jpg\" alt=\"\" class=\"wp-image-333\" srcset=\"https:\/\/jahon.eu\/wp-content\/uploads\/2026\/02\/10-1024x238.jpg 1024w, https:\/\/jahon.eu\/wp-content\/uploads\/2026\/02\/10-300x70.jpg 300w, https:\/\/jahon.eu\/wp-content\/uploads\/2026\/02\/10-768x178.jpg 768w, https:\/\/jahon.eu\/wp-content\/uploads\/2026\/02\/10-1536x357.jpg 1536w, https:\/\/jahon.eu\/wp-content\/uploads\/2026\/02\/10.jpg 1774w\" sizes=\"(max-width: 767px) 89vw, (max-width: 1000px) 54vw, (max-width: 1071px) 543px, 580px\" \/><\/figure>\n\n\n\n<figure class=\"wp-block-image size-large\"><img loading=\"lazy\" decoding=\"async\" width=\"1765\" height=\"525\" data-id=\"328\" src=\"https:\/\/jahon.eu\/wp-content\/uploads\/2026\/02\/5-1024x305.jpg\" alt=\"\" class=\"wp-image-328\" srcset=\"https:\/\/jahon.eu\/wp-content\/uploads\/2026\/02\/5-1024x305.jpg 1024w, https:\/\/jahon.eu\/wp-content\/uploads\/2026\/02\/5-300x89.jpg 300w, https:\/\/jahon.eu\/wp-content\/uploads\/2026\/02\/5-768x228.jpg 768w, https:\/\/jahon.eu\/wp-content\/uploads\/2026\/02\/5-1536x457.jpg 1536w, https:\/\/jahon.eu\/wp-content\/uploads\/2026\/02\/5.jpg 1765w\" sizes=\"(max-width: 767px) 89vw, (max-width: 1000px) 54vw, (max-width: 1071px) 543px, 580px\" \/><\/figure>\n\n\n\n<figure class=\"wp-block-image size-large\"><img loading=\"lazy\" decoding=\"async\" width=\"1024\" height=\"452\" data-id=\"331\" src=\"https:\/\/jahon.eu\/wp-content\/uploads\/2026\/02\/8-1024x452.jpg\" alt=\"\" class=\"wp-image-331\" srcset=\"https:\/\/jahon.eu\/wp-content\/uploads\/2026\/02\/8-1024x452.jpg 1024w, https:\/\/jahon.eu\/wp-content\/uploads\/2026\/02\/8-300x132.jpg 300w, https:\/\/jahon.eu\/wp-content\/uploads\/2026\/02\/8-768x339.jpg 768w, https:\/\/jahon.eu\/wp-content\/uploads\/2026\/02\/8-1536x677.jpg 1536w, https:\/\/jahon.eu\/wp-content\/uploads\/2026\/02\/8.jpg 1771w\" sizes=\"(max-width: 767px) 89vw, (max-width: 1000px) 54vw, (max-width: 1071px) 543px, 580px\" \/><\/figure>\n\n\n\n<figure class=\"wp-block-image size-large\"><img loading=\"lazy\" decoding=\"async\" width=\"1024\" height=\"205\" data-id=\"327\" src=\"https:\/\/jahon.eu\/wp-content\/uploads\/2026\/02\/4-1024x205.jpg\" alt=\"\" class=\"wp-image-327\" srcset=\"https:\/\/jahon.eu\/wp-content\/uploads\/2026\/02\/4-1024x205.jpg 1024w, https:\/\/jahon.eu\/wp-content\/uploads\/2026\/02\/4-300x60.jpg 300w, https:\/\/jahon.eu\/wp-content\/uploads\/2026\/02\/4-768x154.jpg 768w, https:\/\/jahon.eu\/wp-content\/uploads\/2026\/02\/4-1536x308.jpg 1536w, https:\/\/jahon.eu\/wp-content\/uploads\/2026\/02\/4.jpg 1765w\" sizes=\"(max-width: 767px) 89vw, (max-width: 1000px) 54vw, (max-width: 1071px) 543px, 580px\" \/><\/figure>\n\n\n\n<figure class=\"wp-block-image size-large\"><img loading=\"lazy\" decoding=\"async\" width=\"1024\" height=\"227\" data-id=\"326\" src=\"https:\/\/jahon.eu\/wp-content\/uploads\/2026\/02\/3-1024x227.jpg\" alt=\"\" class=\"wp-image-326\" srcset=\"https:\/\/jahon.eu\/wp-content\/uploads\/2026\/02\/3-1024x227.jpg 1024w, https:\/\/jahon.eu\/wp-content\/uploads\/2026\/02\/3-300x67.jpg 300w, https:\/\/jahon.eu\/wp-content\/uploads\/2026\/02\/3-768x171.jpg 768w, https:\/\/jahon.eu\/wp-content\/uploads\/2026\/02\/3-1536x341.jpg 1536w, https:\/\/jahon.eu\/wp-content\/uploads\/2026\/02\/3.jpg 1788w\" sizes=\"(max-width: 767px) 89vw, (max-width: 1000px) 54vw, (max-width: 1071px) 543px, 580px\" \/><\/figure>\n\n\n\n<figure class=\"wp-block-image size-large\"><img loading=\"lazy\" decoding=\"async\" width=\"1024\" height=\"437\" data-id=\"325\" src=\"https:\/\/jahon.eu\/wp-content\/uploads\/2026\/02\/2-1024x437.jpg\" alt=\"\" class=\"wp-image-325\" srcset=\"https:\/\/jahon.eu\/wp-content\/uploads\/2026\/02\/2-1024x437.jpg 1024w, https:\/\/jahon.eu\/wp-content\/uploads\/2026\/02\/2-300x128.jpg 300w, https:\/\/jahon.eu\/wp-content\/uploads\/2026\/02\/2-768x328.jpg 768w, https:\/\/jahon.eu\/wp-content\/uploads\/2026\/02\/2-1536x655.jpg 1536w, https:\/\/jahon.eu\/wp-content\/uploads\/2026\/02\/2.jpg 1809w\" sizes=\"(max-width: 767px) 89vw, (max-width: 1000px) 54vw, (max-width: 1071px) 543px, 580px\" \/><\/figure>\n\n\n\n<figure class=\"wp-block-image size-large\"><img loading=\"lazy\" decoding=\"async\" width=\"1024\" height=\"437\" data-id=\"323\" src=\"https:\/\/jahon.eu\/wp-content\/uploads\/2026\/02\/1-1024x437.jpg\" alt=\"\" class=\"wp-image-323\" srcset=\"https:\/\/jahon.eu\/wp-content\/uploads\/2026\/02\/1-1024x437.jpg 1024w, https:\/\/jahon.eu\/wp-content\/uploads\/2026\/02\/1-300x128.jpg 300w, https:\/\/jahon.eu\/wp-content\/uploads\/2026\/02\/1-768x328.jpg 768w, https:\/\/jahon.eu\/wp-content\/uploads\/2026\/02\/1-1536x656.jpg 1536w, https:\/\/jahon.eu\/wp-content\/uploads\/2026\/02\/1.jpg 1777w\" sizes=\"(max-width: 767px) 89vw, (max-width: 1000px) 54vw, (max-width: 1071px) 543px, 580px\" \/><\/figure>\n\n\n\n<figure class=\"wp-block-image size-large\"><img loading=\"lazy\" decoding=\"async\" width=\"1024\" height=\"425\" data-id=\"319\" src=\"https:\/\/jahon.eu\/wp-content\/uploads\/2026\/02\/22-1024x425.jpg\" alt=\"\" class=\"wp-image-319\" srcset=\"https:\/\/jahon.eu\/wp-content\/uploads\/2026\/02\/22-1024x425.jpg 1024w, https:\/\/jahon.eu\/wp-content\/uploads\/2026\/02\/22-300x125.jpg 300w, https:\/\/jahon.eu\/wp-content\/uploads\/2026\/02\/22-768x319.jpg 768w, https:\/\/jahon.eu\/wp-content\/uploads\/2026\/02\/22-1536x637.jpg 1536w, https:\/\/jahon.eu\/wp-content\/uploads\/2026\/02\/22.jpg 1759w\" sizes=\"(max-width: 767px) 89vw, (max-width: 1000px) 54vw, (max-width: 1071px) 543px, 580px\" \/><\/figure>\n\n\n\n<figure class=\"wp-block-image size-large\"><img loading=\"lazy\" decoding=\"async\" width=\"1024\" height=\"242\" data-id=\"318\" src=\"https:\/\/jahon.eu\/wp-content\/uploads\/2026\/02\/20-1024x242.jpg\" alt=\"\" class=\"wp-image-318\" srcset=\"https:\/\/jahon.eu\/wp-content\/uploads\/2026\/02\/20-1024x242.jpg 1024w, https:\/\/jahon.eu\/wp-content\/uploads\/2026\/02\/20-300x71.jpg 300w, https:\/\/jahon.eu\/wp-content\/uploads\/2026\/02\/20-768x181.jpg 768w, https:\/\/jahon.eu\/wp-content\/uploads\/2026\/02\/20-1536x363.jpg 1536w, https:\/\/jahon.eu\/wp-content\/uploads\/2026\/02\/20.jpg 1770w\" sizes=\"(max-width: 767px) 89vw, (max-width: 1000px) 54vw, (max-width: 1071px) 543px, 580px\" \/><\/figure>\n\n\n\n<figure class=\"wp-block-image size-large\"><img loading=\"lazy\" decoding=\"async\" width=\"1024\" height=\"462\" data-id=\"317\" src=\"https:\/\/jahon.eu\/wp-content\/uploads\/2026\/02\/19-1024x462.jpg\" alt=\"\" class=\"wp-image-317\" srcset=\"https:\/\/jahon.eu\/wp-content\/uploads\/2026\/02\/19-1024x462.jpg 1024w, https:\/\/jahon.eu\/wp-content\/uploads\/2026\/02\/19-300x135.jpg 300w, https:\/\/jahon.eu\/wp-content\/uploads\/2026\/02\/19-768x346.jpg 768w, https:\/\/jahon.eu\/wp-content\/uploads\/2026\/02\/19-1536x693.jpg 1536w, https:\/\/jahon.eu\/wp-content\/uploads\/2026\/02\/19.jpg 1765w\" sizes=\"(max-width: 767px) 89vw, (max-width: 1000px) 54vw, (max-width: 1071px) 543px, 580px\" \/><\/figure>\n\n\n\n<figure class=\"wp-block-image size-large\"><img loading=\"lazy\" decoding=\"async\" width=\"1024\" height=\"226\" data-id=\"330\" src=\"https:\/\/jahon.eu\/wp-content\/uploads\/2026\/02\/7-1024x226.jpg\" alt=\"\" class=\"wp-image-330\" srcset=\"https:\/\/jahon.eu\/wp-content\/uploads\/2026\/02\/7-1024x226.jpg 1024w, https:\/\/jahon.eu\/wp-content\/uploads\/2026\/02\/7-300x66.jpg 300w, https:\/\/jahon.eu\/wp-content\/uploads\/2026\/02\/7-768x169.jpg 768w, https:\/\/jahon.eu\/wp-content\/uploads\/2026\/02\/7-1536x339.jpg 1536w, https:\/\/jahon.eu\/wp-content\/uploads\/2026\/02\/7.jpg 1801w\" sizes=\"(max-width: 767px) 89vw, (max-width: 1000px) 54vw, (max-width: 1071px) 543px, 580px\" \/><\/figure>\n\n\n\n<figure class=\"wp-block-image size-large\"><img loading=\"lazy\" decoding=\"async\" width=\"1024\" height=\"438\" data-id=\"329\" src=\"https:\/\/jahon.eu\/wp-content\/uploads\/2026\/02\/6-1024x438.jpg\" alt=\"\" class=\"wp-image-329\" srcset=\"https:\/\/jahon.eu\/wp-content\/uploads\/2026\/02\/6-1024x438.jpg 1024w, https:\/\/jahon.eu\/wp-content\/uploads\/2026\/02\/6-300x128.jpg 300w, https:\/\/jahon.eu\/wp-content\/uploads\/2026\/02\/6-768x329.jpg 768w, https:\/\/jahon.eu\/wp-content\/uploads\/2026\/02\/6-1536x658.jpg 1536w, https:\/\/jahon.eu\/wp-content\/uploads\/2026\/02\/6.jpg 1780w\" sizes=\"(max-width: 767px) 89vw, (max-width: 1000px) 54vw, (max-width: 1071px) 543px, 580px\" \/><\/figure>\n\n\n\n<figure class=\"wp-block-image size-large\"><img loading=\"lazy\" decoding=\"async\" width=\"1024\" height=\"210\" data-id=\"322\" src=\"https:\/\/jahon.eu\/wp-content\/uploads\/2026\/02\/25-1024x210.jpg\" alt=\"\" class=\"wp-image-322\" srcset=\"https:\/\/jahon.eu\/wp-content\/uploads\/2026\/02\/25-1024x210.jpg 1024w, https:\/\/jahon.eu\/wp-content\/uploads\/2026\/02\/25-300x61.jpg 300w, https:\/\/jahon.eu\/wp-content\/uploads\/2026\/02\/25-768x157.jpg 768w, https:\/\/jahon.eu\/wp-content\/uploads\/2026\/02\/25-1536x315.jpg 1536w, https:\/\/jahon.eu\/wp-content\/uploads\/2026\/02\/25.jpg 1807w\" sizes=\"(max-width: 767px) 89vw, (max-width: 1000px) 54vw, (max-width: 1071px) 543px, 580px\" \/><\/figure>\n\n\n\n<figure class=\"wp-block-image size-large\"><img loading=\"lazy\" decoding=\"async\" width=\"1024\" height=\"222\" data-id=\"321\" src=\"https:\/\/jahon.eu\/wp-content\/uploads\/2026\/02\/24-1024x222.jpg\" alt=\"\" class=\"wp-image-321\" srcset=\"https:\/\/jahon.eu\/wp-content\/uploads\/2026\/02\/24-1024x222.jpg 1024w, https:\/\/jahon.eu\/wp-content\/uploads\/2026\/02\/24-300x65.jpg 300w, https:\/\/jahon.eu\/wp-content\/uploads\/2026\/02\/24-768x166.jpg 768w, https:\/\/jahon.eu\/wp-content\/uploads\/2026\/02\/24-1536x332.jpg 1536w, https:\/\/jahon.eu\/wp-content\/uploads\/2026\/02\/24.jpg 1774w\" sizes=\"(max-width: 767px) 89vw, (max-width: 1000px) 54vw, (max-width: 1071px) 543px, 580px\" \/><\/figure>\n\n\n\n<figure class=\"wp-block-image size-large\"><img loading=\"lazy\" decoding=\"async\" width=\"1024\" height=\"427\" data-id=\"320\" src=\"https:\/\/jahon.eu\/wp-content\/uploads\/2026\/02\/23-1024x427.jpg\" alt=\"\" class=\"wp-image-320\" srcset=\"https:\/\/jahon.eu\/wp-content\/uploads\/2026\/02\/23-1024x427.jpg 1024w, https:\/\/jahon.eu\/wp-content\/uploads\/2026\/02\/23-300x125.jpg 300w, https:\/\/jahon.eu\/wp-content\/uploads\/2026\/02\/23-768x320.jpg 768w, https:\/\/jahon.eu\/wp-content\/uploads\/2026\/02\/23-1536x641.jpg 1536w, https:\/\/jahon.eu\/wp-content\/uploads\/2026\/02\/23.jpg 1771w\" sizes=\"(max-width: 767px) 89vw, (max-width: 1000px) 54vw, (max-width: 1071px) 543px, 580px\" \/><\/figure>\n\n\n\n<figure class=\"wp-block-image size-large\"><img loading=\"lazy\" decoding=\"async\" width=\"1024\" height=\"471\" data-id=\"316\" src=\"https:\/\/jahon.eu\/wp-content\/uploads\/2026\/02\/17-1024x471.jpg\" alt=\"\" class=\"wp-image-316\" srcset=\"https:\/\/jahon.eu\/wp-content\/uploads\/2026\/02\/17-1024x471.jpg 1024w, https:\/\/jahon.eu\/wp-content\/uploads\/2026\/02\/17-300x138.jpg 300w, https:\/\/jahon.eu\/wp-content\/uploads\/2026\/02\/17-768x353.jpg 768w, https:\/\/jahon.eu\/wp-content\/uploads\/2026\/02\/17-1536x706.jpg 1536w, https:\/\/jahon.eu\/wp-content\/uploads\/2026\/02\/17.jpg 1765w\" sizes=\"(max-width: 767px) 89vw, (max-width: 1000px) 54vw, (max-width: 1071px) 543px, 580px\" \/><\/figure>\n\n\n\n<figure class=\"wp-block-image size-large\"><img loading=\"lazy\" decoding=\"async\" width=\"1786\" height=\"376\" data-id=\"315\" src=\"https:\/\/jahon.eu\/wp-content\/uploads\/2026\/02\/16-1024x216.jpg\" alt=\"\" class=\"wp-image-315\" srcset=\"https:\/\/jahon.eu\/wp-content\/uploads\/2026\/02\/16-1024x216.jpg 1024w, https:\/\/jahon.eu\/wp-content\/uploads\/2026\/02\/16-300x63.jpg 300w, https:\/\/jahon.eu\/wp-content\/uploads\/2026\/02\/16-768x162.jpg 768w, https:\/\/jahon.eu\/wp-content\/uploads\/2026\/02\/16-1536x323.jpg 1536w, https:\/\/jahon.eu\/wp-content\/uploads\/2026\/02\/16.jpg 1786w\" sizes=\"(max-width: 767px) 89vw, (max-width: 1000px) 54vw, (max-width: 1071px) 543px, 580px\" \/><\/figure>\n\n\n\n<figure class=\"wp-block-image size-large\"><img loading=\"lazy\" decoding=\"async\" width=\"1024\" height=\"453\" data-id=\"314\" src=\"https:\/\/jahon.eu\/wp-content\/uploads\/2026\/02\/15-1024x453.jpg\" alt=\"\" class=\"wp-image-314\" srcset=\"https:\/\/jahon.eu\/wp-content\/uploads\/2026\/02\/15-1024x453.jpg 1024w, https:\/\/jahon.eu\/wp-content\/uploads\/2026\/02\/15-300x133.jpg 300w, https:\/\/jahon.eu\/wp-content\/uploads\/2026\/02\/15-768x339.jpg 768w, https:\/\/jahon.eu\/wp-content\/uploads\/2026\/02\/15-1536x679.jpg 1536w, https:\/\/jahon.eu\/wp-content\/uploads\/2026\/02\/15.jpg 1785w\" sizes=\"(max-width: 767px) 89vw, (max-width: 1000px) 54vw, (max-width: 1071px) 543px, 580px\" \/><\/figure>\n\n\n\n<figure class=\"wp-block-image size-large\"><img loading=\"lazy\" decoding=\"async\" width=\"1024\" height=\"439\" data-id=\"313\" src=\"https:\/\/jahon.eu\/wp-content\/uploads\/2026\/02\/14-1024x439.jpg\" alt=\"\" class=\"wp-image-313\" srcset=\"https:\/\/jahon.eu\/wp-content\/uploads\/2026\/02\/14-1024x439.jpg 1024w, https:\/\/jahon.eu\/wp-content\/uploads\/2026\/02\/14-300x129.jpg 300w, https:\/\/jahon.eu\/wp-content\/uploads\/2026\/02\/14-768x329.jpg 768w, https:\/\/jahon.eu\/wp-content\/uploads\/2026\/02\/14-1536x658.jpg 1536w, https:\/\/jahon.eu\/wp-content\/uploads\/2026\/02\/14.jpg 1780w\" sizes=\"(max-width: 767px) 89vw, (max-width: 1000px) 54vw, (max-width: 1071px) 543px, 580px\" \/><\/figure>\n\n\n\n<figure class=\"wp-block-image size-large\"><img loading=\"lazy\" decoding=\"async\" width=\"1024\" height=\"214\" data-id=\"312\" src=\"https:\/\/jahon.eu\/wp-content\/uploads\/2026\/02\/13-1024x214.jpg\" alt=\"\" class=\"wp-image-312\" srcset=\"https:\/\/jahon.eu\/wp-content\/uploads\/2026\/02\/13-1024x214.jpg 1024w, https:\/\/jahon.eu\/wp-content\/uploads\/2026\/02\/13-300x63.jpg 300w, https:\/\/jahon.eu\/wp-content\/uploads\/2026\/02\/13-768x160.jpg 768w, https:\/\/jahon.eu\/wp-content\/uploads\/2026\/02\/13-1536x321.jpg 1536w, https:\/\/jahon.eu\/wp-content\/uploads\/2026\/02\/13.jpg 1768w\" sizes=\"(max-width: 767px) 89vw, (max-width: 1000px) 54vw, (max-width: 1071px) 543px, 580px\" \/><\/figure>\n\n\n\n<figure class=\"wp-block-image size-large\"><img loading=\"lazy\" decoding=\"async\" width=\"1024\" height=\"466\" data-id=\"311\" src=\"https:\/\/jahon.eu\/wp-content\/uploads\/2026\/02\/12-1024x466.jpg\" alt=\"\" class=\"wp-image-311\" srcset=\"https:\/\/jahon.eu\/wp-content\/uploads\/2026\/02\/12-1024x466.jpg 1024w, https:\/\/jahon.eu\/wp-content\/uploads\/2026\/02\/12-300x137.jpg 300w, https:\/\/jahon.eu\/wp-content\/uploads\/2026\/02\/12-768x349.jpg 768w, https:\/\/jahon.eu\/wp-content\/uploads\/2026\/02\/12-1536x699.jpg 1536w, https:\/\/jahon.eu\/wp-content\/uploads\/2026\/02\/12.jpg 1780w\" sizes=\"(max-width: 767px) 89vw, (max-width: 1000px) 54vw, (max-width: 1071px) 543px, 580px\" \/><\/figure>\n<\/figure>\n\n\n\n<p><\/p>\n","protected":false},"excerpt":{"rendered":"","protected":false},"author":1,"featured_media":324,"parent":0,"menu_order":0,"comment_status":"closed","ping_status":"closed","template":"","meta":{"saved_in_kubio":true,"advgb_blocks_editor_width":"","advgb_blocks_columns_visual_guide":"","footnotes":""},"class_list":["post-309","page","type-page","status-publish","has-post-thumbnail","hentry"],"kubio_ai_page_context":{"short_desc":"","purpose":"general"},"coauthors":[],"author_meta":{"author_link":"https:\/\/jahon.eu\/index.php\/author\/admin6390\/","display_name":"admin6390"},"relative_dates":{"created":"Publi\u00e9 2 mois il y a","modified":"Mis \u00e0 jour 2 mois il y a"},"absolute_dates":{"created":"Publi\u00e9 le 13 f\u00e9vrier 2026","modified":"Mise \u00e0 jour le 15 f\u00e9vrier 2026"},"absolute_dates_time":{"created":"Publi\u00e9 le 13 f\u00e9vrier 2026 14h13","modified":"Mise \u00e0 jour le 15 f\u00e9vrier 2026 22h05"},"featured_img_caption":"","featured_img":"https:\/\/jahon.eu\/wp-content\/uploads\/2026\/02\/2-06-2025.jpg","series_order":"","_links":{"self":[{"href":"https:\/\/jahon.eu\/index.php\/wp-json\/wp\/v2\/pages\/309","targetHints":{"allow":["GET"]}}],"collection":[{"href":"https:\/\/jahon.eu\/index.php\/wp-json\/wp\/v2\/pages"}],"about":[{"href":"https:\/\/jahon.eu\/index.php\/wp-json\/wp\/v2\/types\/page"}],"author":[{"embeddable":true,"href":"https:\/\/jahon.eu\/index.php\/wp-json\/wp\/v2\/users\/1"}],"replies":[{"embeddable":true,"href":"https:\/\/jahon.eu\/index.php\/wp-json\/wp\/v2\/comments?post=309"}],"version-history":[{"count":12,"href":"https:\/\/jahon.eu\/index.php\/wp-json\/wp\/v2\/pages\/309\/revisions"}],"predecessor-version":[{"id":380,"href":"https:\/\/jahon.eu\/index.php\/wp-json\/wp\/v2\/pages\/309\/revisions\/380"}],"wp:featuredmedia":[{"embeddable":true,"href":"https:\/\/jahon.eu\/index.php\/wp-json\/wp\/v2\/media\/324"}],"wp:attachment":[{"href":"https:\/\/jahon.eu\/index.php\/wp-json\/wp\/v2\/media?parent=309"}],"curies":[{"name":"wp","href":"https:\/\/api.w.org\/{rel}","templated":true}]}}